{"id":12357,"date":"2024-03-18T18:28:31","date_gmt":"2024-03-18T18:28:31","guid":{"rendered":"https:\/\/thairiderentals.com\/?page_id=12357"},"modified":"2025-05-08T04:26:13","modified_gmt":"2025-05-08T02:26:13","slug":"privacy-policy","status":"publish","type":"page","link":"https:\/\/thairiderentals.com\/sv\/privacy-policy\/","title":{"rendered":"Integritetspolicy"},"content":{"rendered":"<div data-elementor-type=\"wp-page\" data-elementor-id=\"12357\" class=\"elementor elementor-12357\">\n\t\t\t\t\t\t<section class=\"elementor-section elementor-top-section elementor-element elementor-element-38c08049 elementor-section-full_width elementor-section-height-default elementor-section-height-default\" data-id=\"38c08049\" data-element_type=\"section\">\n\t\t\t\t\t\t<div class=\"elementor-container elementor-column-gap-default\">\n\t\t\t\t\t<div class=\"elementor-column elementor-col-100 elementor-top-column elementor-element elementor-element-19ef874f\" data-id=\"19ef874f\" data-element_type=\"column\">\n\t\t\t<div class=\"elementor-widget-wrap elementor-element-populated\">\n\t\t\t\t\t\t<section class=\"elementor-section elementor-inner-section elementor-element elementor-element-34c7dffc elementor-section-height-min-height elementor-section-boxed elementor-section-height-default\" data-id=\"34c7dffc\" data-element_type=\"section\" data-settings=\"{&quot;background_background&quot;:&quot;classic&quot;}\">\n\t\t\t\t\t\t\t<div class=\"elementor-background-overlay\"><\/div>\n\t\t\t\t\t\t\t<div class=\"elementor-container elementor-column-gap-default\">\n\t\t\t\t\t<div class=\"elementor-column elementor-col-100 elementor-inner-column elementor-element elementor-element-6ca0e03b\" data-id=\"6ca0e03b\" data-element_type=\"column\">\n\t\t\t<div class=\"elementor-widget-wrap elementor-element-populated\">\n\t\t\t\t\t\t<div class=\"elementor-element elementor-element-459f583f elementor-widget elementor-widget-lst_heading_v2\" data-id=\"459f583f\" data-element_type=\"widget\" data-widget_type=\"lst_heading_v2.default\">\n\t\t\t\t<div class=\"elementor-widget-container\">\n\t\t\t\t\t<div class=\"listivo-heading-v2-wrapper\">\n    <div class=\"listivo-heading-v2 listivo-heading-v2--left listivo-heading-v2--tablet-center listivo-heading-v2--mobile-center\">\n        \n        <h2 class=\"listivo-heading-v2__text\">\n            Integritetspolicy        <\/h2>\n    <\/div>\n<\/div>\t\t\t\t<\/div>\n\t\t\t\t<\/div>\n\t\t\t\t<div class=\"elementor-element elementor-element-3a507b96 elementor-widget elementor-widget-spacer\" data-id=\"3a507b96\" data-element_type=\"widget\" data-widget_type=\"spacer.default\">\n\t\t\t\t<div class=\"elementor-widget-container\">\n\t\t\t\t\t\t\t<div class=\"elementor-spacer\">\n\t\t\t<div class=\"elementor-spacer-inner\"><\/div>\n\t\t<\/div>\n\t\t\t\t\t\t<\/div>\n\t\t\t\t<\/div>\n\t\t\t\t\t<\/div>\n\t\t<\/div>\n\t\t\t\t\t<\/div>\n\t\t<\/section>\n\t\t\t\t\t<\/div>\n\t\t<\/div>\n\t\t\t\t\t<\/div>\n\t\t<\/section>\n\t\t\t\t<section class=\"elementor-section elementor-top-section elementor-element elementor-element-4ebadfbc elementor-section-boxed elementor-section-height-default elementor-section-height-default\" data-id=\"4ebadfbc\" data-element_type=\"section\">\n\t\t\t\t\t\t<div class=\"elementor-container elementor-column-gap-default\">\n\t\t\t\t\t<div class=\"elementor-column elementor-col-100 elementor-top-column elementor-element elementor-element-5e66b4e3\" data-id=\"5e66b4e3\" data-element_type=\"column\">\n\t\t\t<div class=\"elementor-widget-wrap elementor-element-populated\">\n\t\t\t\t\t\t<div class=\"elementor-element elementor-element-69089371 elementor-widget__width-initial elementor-widget elementor-widget-text-editor\" data-id=\"69089371\" data-element_type=\"widget\" data-widget_type=\"text-editor.default\">\n\t\t\t\t<div class=\"elementor-widget-container\">\n\t\t\t\t\t\t\t\t\t<p>At Hua Hin Rentals, we are committed to protecting the privacy and security of our customers&#8217; personal information. This Privacy Policy outlines how we collect, use, disclose, and safeguard your information when you visit our website or use our services.<\/p><p><strong>1. Information vi samlar in<\/strong><br \/>\u2013 Personlig information: Vi kan samla in personlig information som ditt namn, e-postadress, telefonnummer, identifiering, \u00e4gandebevis och adress n\u00e4r du registrerar dig f\u00f6r ett konto, g\u00f6r en bokning eller kommunicerar med oss.<br \/>\u2013 Betalningsinformation: N\u00e4r du g\u00f6r en bokning eller betalning samlar vi in betalkortsinformation och faktureringsinformation f\u00f6r att hantera transaktioner p\u00e5 ett s\u00e4kert s\u00e4tt.<br \/>\u2013 Anv\u00e4ndningsinformation: Vi samlar automatiskt in information om din interaktion med v\u00e5r webbplats, inklusive din IP-adress, webbl\u00e4sartyp, bes\u00f6kta sidor och h\u00e4nvisningswebbplats.<\/p><p><strong>2. Hur vi anv\u00e4nder din information:<\/strong><br \/>\u2013 Tillhandah\u00e5lla tj\u00e4nster: Vi anv\u00e4nder din information f\u00f6r att genomf\u00f6ra bokningar, svara p\u00e5 f\u00f6rfr\u00e5gningar och ge kundsupport.<br \/>\u2013 F\u00f6rb\u00e4ttra tj\u00e4nster: Vi analyserar anv\u00e4ndningsdata f\u00f6r att f\u00f6rb\u00e4ttra och anpassa v\u00e5ra tj\u00e4nster, webbplatsfunktionalitet och anv\u00e4ndarupplevelse.<br \/>\u2013 Marknadsf\u00f6ring: Med ditt samtycke kan vi skicka reklammejl om specialerbjudanden, nya tj\u00e4nster eller annan information som vi tror att du kan tycka \u00e4r intressant.<\/p><p><strong>3. Informationsdelning:<\/strong><br \/>\u2013 Tredjepartstj\u00e4nsteleverant\u00f6rer: Vi kan komma att dela din information med betrodda tredjepartstj\u00e4nsteleverant\u00f6rer f\u00f6r att underl\u00e4tta bokningar, behandla betalningar eller utf\u00f6ra andra tj\u00e4nster f\u00f6r v\u00e5r r\u00e4kning.<br \/>\u2013 Laglig efterlevnad: Vi kan komma att avsl\u00f6ja din information f\u00f6r att f\u00f6lja juridiska skyldigheter, uppr\u00e4tth\u00e5lla v\u00e5ra policyer eller svara p\u00e5 lagliga f\u00f6rfr\u00e5gningar fr\u00e5n myndigheter.<\/p><p><strong>4. Datas\u00e4kerhet:<\/strong><br \/>\u2013 Vi implementerar l\u00e4mpliga tekniska och organisatoriska \u00e5tg\u00e4rder f\u00f6r att skydda din information fr\u00e5n obeh\u00f6rig \u00e5tkomst, \u00e4ndring, avsl\u00f6jande eller f\u00f6rst\u00f6relse.<br \/>\u2013 Trots v\u00e5ra anstr\u00e4ngningar \u00e4r ingen metod f\u00f6r \u00f6verf\u00f6ring \u00f6ver internet eller elektronisk lagring helt s\u00e4ker. D\u00e4rf\u00f6r kan vi inte garantera absolut s\u00e4kerhet.<\/p><p><strong>5. Dina val:<\/strong><br \/>\u2013 Du kan uppdatera eller korrigera din personliga information genom att logga in p\u00e5 ditt konto eller kontakta oss direkt.<br \/>\u2013 Du kan v\u00e4lja bort att ta emot marknadsf\u00f6ringskommunikation fr\u00e5n oss genom att f\u00f6lja instruktionerna f\u00f6r att avsluta prenumerationen i e-postmeddelandena eller kontakta oss.<\/p><p><strong>6. Barns integritet:<\/strong><br \/>\u2013 V\u00e5ra tj\u00e4nster riktar sig inte till individer under 18 \u00e5r. Vi samlar inte medvetet in personlig information fr\u00e5n barn. Om du tror att vi oavsiktligt har samlat in information fr\u00e5n ett barn, v\u00e4nligen kontakta oss f\u00f6r att beg\u00e4ra att den raderas.<\/p><p><strong>7. \u00c4ndringar av denna policy:<\/strong><br \/>\u2013 Vi f\u00f6rbeh\u00e5ller oss r\u00e4tten att uppdatera eller modifiera denna integritetspolicy n\u00e4r som helst. Eventuella \u00e4ndringar kommer att tr\u00e4da i kraft omedelbart efter att den reviderade policyn publicerats p\u00e5 v\u00e5r webbplats.<\/p><p>Genom att anv\u00e4nda v\u00e5r webbplats eller tj\u00e4nster samtycker du till insamling och anv\u00e4ndning av din information enligt beskrivningen i denna integritetspolicy. Om du har n\u00e5gra fr\u00e5gor eller funderingar om v\u00e5r sekretesspraxis, v\u00e4nligen kontakta oss.<\/p><p>Hua Hin uthyrning<br \/>info@thairiderentals.com<\/p>\t\t\t\t\t\t\t\t<\/div>\n\t\t\t\t<\/div>\n\t\t\t\t\t<\/div>\n\t\t<\/div>\n\t\t\t\t\t<\/div>\n\t\t<\/section>\n\t\t\t\t<section class=\"elementor-section elementor-top-section elementor-element elementor-element-52a2c88a elementor-section-full_width elementor-section-height-default elementor-section-height-default\" data-id=\"52a2c88a\" data-element_type=\"section\" data-settings=\"{&quot;background_background&quot;:&quot;classic&quot;}\">\n\t\t\t\t\t\t<div class=\"elementor-container elementor-column-gap-default\">\n\t\t\t\t\t<div class=\"elementor-column elementor-col-100 elementor-top-column elementor-element elementor-element-396736f2\" data-id=\"396736f2\" data-element_type=\"column\">\n\t\t\t<div class=\"elementor-widget-wrap\">\n\t\t\t\t\t\t\t<\/div>\n\t\t<\/div>\n\t\t\t\t\t<\/div>\n\t\t<\/section>\n\t\t\t\t<\/div>","protected":false},"excerpt":{"rendered":"<p>Privacy Policy At Hua Hin Rentals, we are committed to protecting the privacy and security of our customers&#8217; personal information. This Privacy Policy outlines how we collect, use, disclose, and safeguard your information when you visit our website or use our services. 1. Information We Collect&#8211; Personal Information: We may collect personal information such as [&hellip;]<\/p>","protected":false},"author":1,"featured_media":0,"parent":0,"menu_order":0,"comment_status":"closed","ping_status":"closed","template":"","meta":{"_acf_changed":false,"om_disable_all_campaigns":false,"_monsterinsights_skip_tracking":false,"_monsterinsights_sitenote_active":false,"_monsterinsights_sitenote_note":"","_monsterinsights_sitenote_category":0,"_uf_show_specific_survey":0,"_uf_disable_surveys":false,"footnotes":""},"class_list":["post-12357","page","type-page","status-publish","hentry"],"acf":[],"_links":{"self":[{"href":"https:\/\/thairiderentals.com\/sv\/wp-json\/wp\/v2\/pages\/12357","targetHints":{"allow":["GET"]}}],"collection":[{"href":"https:\/\/thairiderentals.com\/sv\/wp-json\/wp\/v2\/pages"}],"about":[{"href":"https:\/\/thairiderentals.com\/sv\/wp-json\/wp\/v2\/types\/page"}],"author":[{"embeddable":true,"href":"https:\/\/thairiderentals.com\/sv\/wp-json\/wp\/v2\/users\/1"}],"replies":[{"embeddable":true,"href":"https:\/\/thairiderentals.com\/sv\/wp-json\/wp\/v2\/comments?post=12357"}],"version-history":[{"count":31,"href":"https:\/\/thairiderentals.com\/sv\/wp-json\/wp\/v2\/pages\/12357\/revisions"}],"predecessor-version":[{"id":15092,"href":"https:\/\/thairiderentals.com\/sv\/wp-json\/wp\/v2\/pages\/12357\/revisions\/15092"}],"wp:attachment":[{"href":"https:\/\/thairiderentals.com\/sv\/wp-json\/wp\/v2\/media?parent=12357"}],"curies":[{"name":"wp","href":"https:\/\/api.w.org\/{rel}","templated":true}]}}